{"id":855,"date":"2022-03-01T10:47:05","date_gmt":"2022-03-01T07:47:05","guid":{"rendered":"https:\/\/rammoshotel.com\/accommodation-conditions\/"},"modified":"2022-03-01T10:47:05","modified_gmt":"2022-03-01T07:47:05","slug":"accommodation-conditions","status":"publish","type":"page","link":"https:\/\/rammoshotel.com\/en\/accommodation-conditions\/","title":{"rendered":"Accommodation Conditions"},"content":{"rendered":"<p style=\"text-align: left;\"><strong>KONAKLAMA KO\u015eULLARI<br \/>\n<\/strong><\/p>\n<p class=\"Standard\" style=\"margin-bottom: 14.15pt; text-align: left;\"><span>Rammos Hotel hayat\u0131m\u0131z\u0131n \u00f6nemli bir par\u00e7as\u0131 olan seyahat keyfine ba\u011fl\u0131 kalmaya devam ediyor. Mevcut durum g\u00f6z \u00f6n\u00fcne al\u0131nd\u0131\u011f\u0131nda, iptal politikam\u0131z\u0131 g\u00fcncelledik. Seyahat etti\u011finiz veya bulundu\u011funuz noktadan sizi var\u0131\u015f noktas\u0131na seyahat etmenizi k\u0131s\u0131tlayan COVID-19 ile ilgili bir seyahat yasa\u011f\u0131, sa\u011fl\u0131k veya karantina k\u0131s\u0131tlamas\u0131 olmas\u0131 durumunda, Rammos \u00f6n \u00f6demeli bir rezervasyon i\u00e7in tam bir geri \u00f6deme yapacakt\u0131r ve \/ veya ge\u00e7erli t\u00fcm cezalardan feragat edecektir. <\/span><span><\/span><\/p>\n<p style=\"text-align: left;\">\n<p style=\"text-align: left;\"><strong>F\u0130YATLAR<\/strong><\/p>\n<p>&nbsp;<\/p>\n<p style=\"text-align: left;\">T\u00fcm oda fiyatlar\u0131 Euro (EUR) cinsindendir, konaklamaya KDV ve Kahvalt\u0131 dahildir.<\/p>\n<p style=\"text-align: left;\">Fiyatlar ve fiyatlara dahil olan hizmetler konfirmasyon\u00a0mektubunuzda belirtildi\u011fi gibidir ve fiyatlar herhangi bir zamanda \u00f6nceden haber verilmeksizin de\u011fi\u015ftirilebilir.<\/p>\n<p style=\"text-align: left;\">\n<p style=\"text-align: left;\"><strong>\u00d6DEME GARANT\u0130S\u0130 POL\u0130T\u0130KASI <\/strong><\/p>\n<p style=\"text-align: left;\">\n<p style=\"text-align: left;\">T\u00fcm Rezervasyonlar, rezervasyon tarihinde %100 \u00f6n \u00f6deme gerektirir ve t\u00fcm depozitolar ve \u00f6demeler a\u015fa\u011f\u0131daki \u015fartlara g\u00f6re i\u015flendikten sonra onaylanm\u0131\u015f say\u0131lacakt\u0131r. Tam \u00f6deme zaman\u0131nda al\u0131nmazsa, Rammos \u00f6nceden haber vermeksizin rezervasyonlar\u0131 a\u00e7\u0131\u011fa alma hakk\u0131n\u0131 sakl\u0131 tutar. Onay, \u00f6zellikle birden fazla oda rezervasyonu i\u00e7in t\u00fcm misafir isimlerinin al\u0131nmas\u0131na da tabidir. \u00d6deme, kredi kart\u0131 veya banka havalesi ile kabul edilir. G\u00fcvenli kredi kart\u0131 \u00f6demeleri i\u00e7in bir \u00e7evrimi\u00e7i \u00f6deme ba\u011flant\u0131s\u0131 mevcuttur ve bunun i\u00e7in kullan\u0131lan kart\u0131n (ve t\u00fcm \u00e7evrimi\u00e7i rezervasyonlar\u0131n) pasaport veya kimlik do\u011frulamas\u0131 e\u015fli\u011finde kart sahibi taraf\u0131ndan check-in s\u0131ras\u0131nda ibraz edilmesi gerekir.<\/p>\n<p style=\"text-align: left;\">\n<p style=\"text-align: left;\"><strong>\u0130PTAL POL\u0130T\u0130KASI<\/strong><\/p>\n<p>&nbsp;<\/p>\n<p style=\"text-align: left;\">Seyahat edemiyorsan\u0131z (veya \u00f6nceden onaylanm\u0131\u015f konaklama ve hizmetlerden yararlanam\u0131yorsan\u0131z), iptal \u00fccretleri uygulanabilir. Rezervasyonunuzu konaklama s\u00fcresinde veya \u00f6ncesinde de\u011fi\u015ftirmek isterseniz,m\u00fcsaitlik durumuna ba\u011fl\u0131 olarak de\u011fi\u015fiklik yap\u0131l\u0131r ve fiyat de\u011fi\u015fiklik g\u00f6sterebilir. Bir rezervasyonda yap\u0131lan revizyon da bir iptal te\u015fkil edebilir. Kal\u0131\u015f s\u00fcresinin k\u0131salt\u0131lmas\u0131 durumunda, iptal edilen geceler i\u00e7in iptal politikas\u0131 ge\u00e7erli olacakt\u0131r. Bir rezervasyon teminat\u0131n\u0131n iade edilmesi gerekiyorsa, herhangi bir kredi kart\u0131 ek \u00fccreti veya d\u00f6viz dalgalanmas\u0131n\u0131n iade edilemeyece\u011fini l\u00fctfen unutmay\u0131n. Yap\u0131lan iptal, erken ayr\u0131lma ve rezervasyonun kullan\u0131lmamas\u0131 \u00fccretleri yaln\u0131zca m\u00fc\u015fterinin sorumlulu\u011fundad\u0131r ve buna g\u00f6re a\u015fa\u011f\u0131daki \u015fekilde tahsil edilecektir:<\/p>\n<p style=\"text-align: left;\">Rezervasyonunuzu giri\u015f g\u00fcn\u00fcnden 7 g\u00fcn \u00f6ncesine kadar \u00fccretsiz iptal edebilirsiniz. Toplam iade tutar\u0131, iptal i\u015flemi tarihinizden itibaren 48 saat i\u00e7erisinde hesab\u0131n\u0131za otel taraf\u0131ndan yat\u0131r\u0131lacakt\u0131r. Hesaplar aras\u0131 banka transfer s\u00fcresinden Rammos Hotel Bodrum sorumlu tutulamaz.<\/p>\n<p style=\"text-align: left;\">Sonras\u0131nda yap\u0131lacak iptallerde %100 no-show uygulanacakt\u0131r. Yukar\u0131da belirtilen iptal politikalar\u0131na istinaden belirtilen g\u00fcne kadar ger\u00e7ekle\u015fmeyen iptallerde toplam oda \u00fccretinin % 100\u2019\u00fc no-show olarak uygulanmaktad\u0131r.<\/p>\n<p style=\"text-align: left;\">\n<p style=\"text-align: left;\"><strong>ERKEN \u00c7IKI\u015eLAR<\/strong><\/p>\n<p>&nbsp;<\/p>\n<p style=\"text-align: left;\">Erken \u00e7\u0131k\u0131\u015flarda %100 No-Show uygulan\u0131r.<\/p>\n<p style=\"text-align: left;\">\n<p>&nbsp;<\/p>\n<div><strong>\u00c7OCUK \u00dcCRETLEND\u0130RME POL\u0130T\u0130KASI<\/strong><\/div>\n<div><\/div>\n<div><\/div>\n<div>\u0130ki Yeti\u015fkin ile ayn\u0131 odada konaklayacak olan 1 \u00e7ocuk misafir ( 0-11,99 ya\u015f ) \u00fccretsizdir.<\/div>\n<p style=\"text-align: left;\">\n<p style=\"text-align: left;\"><strong>CHECK-IN &amp; CHECK-OUT<\/strong><\/p>\n<p>&nbsp;<\/p>\n<p style=\"text-align: left;\">*Giri\u015f Saati: 14:00<\/p>\n<p style=\"text-align: left;\">Erken giri\u015f imkan\u0131, giri\u015f g\u00fcn\u00fcndeki doluluk durumuna ba\u011fl\u0131d\u0131r.<\/p>\n<p style=\"text-align: left;\">*\u00c7\u0131k\u0131\u015f Saati: 12:00<\/p>\n<p style=\"text-align: left;\">Otel, m\u00fcsaitlik do\u011frultusunda 18:00\u2019e kadar ge\u00e7 \u00e7\u0131k\u0131\u015f yapmak isteyen misafirler i\u00e7in \u00fccretli Late check \u00fccreti talep eder; 18:00 sonras\u0131 ge\u00e7 \u00e7\u0131k\u0131\u015f yapmak isteyen misafirler i\u00e7in ise %100 konaklama \u00fccretini talep etmektedir.<\/p>\n<p style=\"text-align: left;\">Rezervasyon esnas\u0131nda kayd\u0131 yap\u0131lmam\u0131\u015f ziyaret\u00e7ilerin odaya giri\u015fi kabul edilmemektedir.<\/p>\n","protected":false},"excerpt":{"rendered":"<p>KONAKLAMA KO\u015eULLARI Rammos Hotel hayat\u0131m\u0131z\u0131n \u00f6nemli bir par\u00e7as\u0131 olan seyahat keyfine ba\u011fl\u0131 kalmaya devam ediyor. Mevcut durum g\u00f6z \u00f6n\u00fcne al\u0131nd\u0131\u011f\u0131nda, iptal politikam\u0131z\u0131 g\u00fcncelledik. Seyahat etti\u011finiz veya bulundu\u011funuz noktadan sizi var\u0131\u015f noktas\u0131na seyahat etmenizi k\u0131s\u0131tlayan COVID-19 ile ilgili bir seyahat yasa\u011f\u0131, sa\u011fl\u0131k veya karantina k\u0131s\u0131tlamas\u0131 olmas\u0131 durumunda, Rammos \u00f6n \u00f6demeli bir rezervasyon i\u00e7in tam bir geri [&hellip;]<\/p>\n","protected":false},"author":1,"featured_media":0,"parent":0,"menu_order":17,"comment_status":"closed","ping_status":"closed","template":"","meta":{"footnotes":""},"class_list":["post-855","page","type-page","status-publish","hentry"],"acf":[],"_links":{"self":[{"href":"https:\/\/rammoshotel.com\/en\/wp-json\/wp\/v2\/pages\/855","targetHints":{"allow":["GET"]}}],"collection":[{"href":"https:\/\/rammoshotel.com\/en\/wp-json\/wp\/v2\/pages"}],"about":[{"href":"https:\/\/rammoshotel.com\/en\/wp-json\/wp\/v2\/types\/page"}],"author":[{"embeddable":true,"href":"https:\/\/rammoshotel.com\/en\/wp-json\/wp\/v2\/users\/1"}],"replies":[{"embeddable":true,"href":"https:\/\/rammoshotel.com\/en\/wp-json\/wp\/v2\/comments?post=855"}],"version-history":[{"count":0,"href":"https:\/\/rammoshotel.com\/en\/wp-json\/wp\/v2\/pages\/855\/revisions"}],"wp:attachment":[{"href":"https:\/\/rammoshotel.com\/en\/wp-json\/wp\/v2\/media?parent=855"}],"curies":[{"name":"wp","href":"https:\/\/api.w.org\/{rel}","templated":true}]}}