{"id":853,"date":"2022-03-01T10:53:22","date_gmt":"2022-03-01T07:53:22","guid":{"rendered":"https:\/\/rammoshotel.com\/kvkk\/"},"modified":"2022-03-01T10:53:22","modified_gmt":"2022-03-01T07:53:22","slug":"kvkk","status":"publish","type":"page","link":"https:\/\/rammoshotel.com\/en\/kvkk\/","title":{"rendered":"KVKK"},"content":{"rendered":"<p class=\"p1\"><b>RAMMOS Hotel ( Rammos Turizm Ltd. \u015eti. )<\/b><\/p>\n<p class=\"p1\"><b>6698 Say\u0131l\u0131 Ki\u015fisel Verilerin Korunmas\u0131 Kanunu Kapsam\u0131nda Ayd\u0131nlatma Metni<\/b><\/p>\n<p class=\"p1\">Rammos Turizm Ltd. \u015eti.\u00a0(Bundan sonra\u00a0<strong>\u201cRammos Hotel\u201d<\/strong>\u00a0olarak an\u0131lacakt\u0131r.) olarak \u00f6zel hayat\u0131n gizlili\u011fine sayg\u0131 duyuyor ve \u00f6nem veriyoruz. Bu nedenle, sizleri 6698 say\u0131l\u0131 Ki\u015fisel Verilerin Korunmas\u0131 Kanunu (Bundan sonra\u00a0<strong>\u201cKVKK\u201d<\/strong>\u00a0olarak an\u0131lacakt\u0131r.) kapsam\u0131nda ki\u015fisel verilerinizin kullan\u0131m\u0131 ve korunmas\u0131 ile ilgili haklar\u0131n\u0131z konusunda bilgilendirmek istiyoruz.<\/p>\n<p class=\"p1\"><strong>a) Veri Sorumlusu<\/strong><\/p>\n<p class=\"p1\">Rammos Turizm Ltd. \u015eti.\u00a0olarak (Bundan sonra \u201cRammos Hotel\u201d olarak an\u0131lacakt\u0131r.) ki\u015fisel verilerinizi, 6698 say\u0131l\u0131 Ki\u015fisel Verilerin Korunmas\u0131 Kanunu (Bundan sonra\u00a0<strong>\u201cKVKK\u201d<\/strong>\u00a0olarak an\u0131lacakt\u0131r.) ve ilgili sair mevzuat kapsam\u0131nda, veri sorumlusu s\u0131fat\u0131 ile i\u015fledi\u011fimizi taraf\u0131n\u0131za bildiriyoruz.<\/p>\n<p class=\"p1\"><strong>b) \u0130\u015flenen Ki\u015fisel Veriler<\/strong><\/p>\n<p class=\"p1\">KVKK ve ilgili sair mevzuata uygun olarak i\u015fbu\u00a06698 say\u0131l\u0131 Ki\u015fisel Verilerin Korunmas\u0131 Kanunu Kapsam\u0131nda Ayd\u0131nlatma Metni\u2019nde belirtilen ama\u00e7lar ve hukuki sebepler kapsam\u0131nda i\u015flenecek ki\u015fisel veri kategori ve a\u00e7\u0131klamalar\u0131 a\u015fa\u011f\u0131daki gibidir:<\/p>\n<p class=\"p1\">Kimlik Bilgileri:\u00a0Ad\u0131-soyad\u0131, do\u011fum yeri ve tarihi, uyruk, T.C Kimlik numaras\u0131, Beraberindeki misafir ad\u0131-soyad\u0131, do\u011fum yeri ve tarihi<\/p>\n<p class=\"p1\">\u0130leti\u015fim Bilgileri:\u00a0Adres, Telefon numaras\u0131, e-posta adresi<\/p>\n<p class=\"p1\">Finansal Bilgileri:\u00a0Banka hesap bilgileri<\/p>\n<p class=\"p1\">\u00d6zel Nitelikli Ki\u015fisel Veriler:\u00a0Foto\u011fraf, Sa\u011fl\u0131k durumu ve ila\u00e7 kullan\u0131m bilgisi<\/p>\n<p class=\"p1\">Di\u011fer:\u00a0Oda numaras\u0131, Ara\u00e7 plaka bilgisi, Sigara kullan\u0131m bilgisi, Alerjen Durumu Bilgisi<\/p>\n<p>&nbsp;<\/p>\n<p class=\"p1\"><strong>c) Ki\u015fisel Verilerin Hangi Ama\u00e7la \u0130\u015flenece\u011fi<\/strong><\/p>\n<p class=\"p1\">Ki\u015fisel verileriniz,<\/p>\n<p class=\"p1\">Konaklama hizmetine ili\u015fkin s\u00fcre\u00e7lerin y\u00fcr\u00fct\u00fclmesi,<br \/>\nRammos Hotel\u2019in sat\u0131\u015f ve pazarlama politikalar\u0131n\u0131n y\u00fcr\u00fct\u00fclebilmesi i\u00e7in kulland\u0131\u011f\u0131 \u00e7evrimi\u00e7i yaz\u0131l\u0131m sistemlerine kaydedilmesi,<br \/>\nRammos Hotel taraf\u0131ndan sunulan \u00fcr\u00fcn ve hizmetlerden sizleri faydaland\u0131rmak i\u00e7in gerekli \u00e7al\u0131\u015fmalar\u0131n i\u015f birimlerimiz taraf\u0131ndan yap\u0131lmas\u0131,<br \/>\nM\u00fc\u015fteri memnuniyetinin \u00f6l\u00e7\u00fclmesi ve art\u0131r\u0131lmas\u0131n\u0131n sa\u011flanmas\u0131,<br \/>\nRammos Hotel \u00fcr\u00fcn ve hizmetlerine ili\u015fkin varsa \u015fik\u00e2yet ve \u00f6nerilerin toplanmas\u0131 ve de\u011ferlendirilmesi,<br \/>\nRammos Hotel taraf\u0131ndan sunulan \u00fcr\u00fcn ve hizmetlerin sizlere \u00f6nerilmesi; \u00fcr\u00fcn ve hizmetlerin sat\u0131\u015f ve pazarlamas\u0131 i\u00e7in pazar ara\u015ft\u0131rmas\u0131 faaliyetlerinin planlanmas\u0131 ve\/veya icras\u0131,<br \/>\n\u0130\u015f ili\u015fkisi i\u00e7erisinde olan ilgili ki\u015filerin hukuki, teknik ve ticari i\u015f g\u00fcvenli\u011finin temin edilmesi,<br \/>\nHukuk i\u015flerinin takibi ve y\u00fcr\u00fct\u00fclmesi,<br \/>\nFinans ve\/veya muhasebe i\u015flerinin y\u00fcr\u00fct\u00fclmesi,<br \/>\nama\u00e7lar\u0131yla KVKK\u2019n\u0131n 5 (2) maddesinde belirtilen \u201ca) Kanunlarda a\u00e7\u0131k\u00e7a \u00f6ng\u00f6r\u00fclmesi\u201d, \u201cc) Bir s\u00f6zle\u015fmenin kurulmas\u0131 veya ifas\u0131yla do\u011frudan do\u011fruya ilgili olmas\u0131 kayd\u0131yla, s\u00f6zle\u015fmenin taraflar\u0131na ait ki\u015fisel verilerin i\u015flenmesinin gerekli olmas\u0131\u201d, \u201c\u00e7) Veri sorumlusunun hukuki y\u00fck\u00fcml\u00fcl\u00fc\u011f\u00fcn\u00fc yerine getirebilmesi i\u00e7in zorunlu olmas\u0131\u201d, \u201ce) Bir hakk\u0131n tesisi, kullan\u0131lmas\u0131 veya korunmas\u0131 i\u00e7in veri i\u015flemenin zorunlu olmas\u0131\u201d hukuki sebepleri dahilinde i\u015flenecektir.<br \/>\nKi\u015fisel verileriniz, Rammos Hotel hizmetlerine y\u00f6nelik kampanya ve yenilikler hakk\u0131nda sizleri bilgilendirmek amac\u0131yla KVKK ve Elektronik Ticaret Kanunu\u2019nda belirtilen hukuki sebepler uyar\u0131nca a\u00e7\u0131k r\u0131zan\u0131z al\u0131narak i\u015flenecektir.<br \/>\n\u00d6zel nitelikli ki\u015fisel verileriniz, hizmet sunulacak ki\u015finin kimlik do\u011frulamas\u0131n\u0131n yap\u0131labilmesi ve SPA masaj hizmeti ile cilt bak\u0131m hizmetlerinin sa\u011fl\u0131kl\u0131 \u015fekilde sunulabilmesi ama\u00e7lar\u0131yla KVKK\u2019n\u0131n 6\/2 maddesinde belirtilen hukuki sebep uyar\u0131nca misafirin a\u00e7\u0131k r\u0131zas\u0131 al\u0131narak i\u015flenecektir.<\/p>\n<p>&nbsp;<\/p>\n<p class=\"p1\"><strong>d) \u0130\u015flenen Ki\u015fisel Verilerin Kimlere ve Hangi Ama\u00e7la Aktar\u0131labilece\u011fi<\/strong><\/p>\n<p class=\"p1\">Ki\u015fisel verileriniz, a\u015fa\u011f\u0131da belirtilen ama\u00e7lar ile KVKK\u2019n\u0131n 8\/2-a maddeleri uyar\u0131nca ilgili ki\u015finin a\u00e7\u0131k r\u0131zas\u0131 aranmaks\u0131z\u0131n aktar\u0131lacakt\u0131r:<\/p>\n<p class=\"p1\">\u0130lgili mevzuattan kaynaklanan yasal y\u00fck\u00fcml\u00fcl\u00fcklerimizin yerine getirilebilmesi amac\u0131yla Emniyet Genel M\u00fcd\u00fcrl\u00fc\u011f\u00fc ile payla\u015f\u0131lacakt\u0131r.<br \/>\n\u00dcr\u00fcn ve hizmetlere dair \u00fccretlerin tahsilat\u0131 kapsam\u0131nda finans ve\/veya muhasebe i\u015flerinin y\u00fcr\u00fct\u00fclmesi amac\u0131yla, gerekmesi halinde noter, icra daireleri ve\/veya mahkemeler ile payla\u015f\u0131labilecektir.<br \/>\n\u0130lgili mevzuat uyar\u0131nca yasal y\u00fck\u00fcml\u00fcl\u00fcklerin yerine getirebilmesi amac\u0131yla, gerekmesi veya talep gelmesi halinde, ilgili kamu kurum ve kurulu\u015flar\u0131 ile payla\u015f\u0131labilecektir.<br \/>\nOtelde b\u0131rak\u0131lan ve unutulan e\u015fyalar\u0131n teslim edilmesi amac\u0131yla anla\u015fmal\u0131 kargo \u015firketi ile payla\u015f\u0131lacakt\u0131r.<br \/>\nHukuki s\u00fcre\u00e7lerin takip edilebilmesi amac\u0131yla avukatlar\u0131m\u0131z ile s\u0131r saklama y\u00fck\u00fcml\u00fcl\u00fc\u011f\u00fc \u00e7er\u00e7evesinde gerekti\u011fi kadar payla\u015f\u0131labilecektir.<\/p>\n<p class=\"p1\"><strong>e) Ki\u015fisel Veri Toplaman\u0131n Y\u00f6ntemi ve Hukuki Sebebi<\/strong><\/p>\n<p class=\"p1\">Ki\u015fisel verileriniz, bu metnin (c) f\u0131kras\u0131nda belirtilen ama\u00e7lar\u0131n yerine getirilebilmesi i\u00e7in KVKK\u2019n\u0131n 5\/2 ve 6\/2 maddelerinde belirtilen hukuki sebeplere dayanarak, otomatik veya otomatik olmayan y\u00f6ntemlerle s\u00f6zl\u00fc, yaz\u0131l\u0131 veya elektronik ortamda elde edilmektedir:<\/p>\n<p class=\"p1\">\u0130lgili ki\u015fi taraf\u0131ndan form doldurulmas\u0131, e-posta iletisi g\u00f6nderilmesi, telefon aramas\u0131 ile ileti\u015fime ge\u00e7ilmesi, internet sitesinin ziyaret edilmesi ve sosyal medya platformlar\u0131 \u00fczerinden irtibata ge\u00e7ilmesi.<br \/>\nOnline sat\u0131\u015f platformlar\u0131, turizm acenteleri, organizasyon firmalar\u0131, fuar veya seminer ziyaretlerinde kartvizit payla\u015f\u0131mlar\u0131, \u00e7\u00f6z\u00fcm orta\u011f\u0131 kurum veya kurulu\u015flar arac\u0131l\u0131\u011f\u0131yla iletilmesi.<\/p>\n<p>&nbsp;<\/p>\n<p class=\"p1\"><strong>f) KVKK\u2019n\u0131n 11. Maddesi Kapsam\u0131ndaki Haklar\u0131n\u0131z<\/strong><\/p>\n<p class=\"p1\">KVKK\u2019n\u0131n 11. maddesi kapsam\u0131nda, veri sahibi olarak haklar\u0131n\u0131z bulunmakta olup bu haklar\u0131n\u0131z ile ilgili taleplerinizi\u00a0<a href=\"https:\/\/rammoshotel.com\/wp-content\/uploads\/2022\/04\/BASVURU_FORMU.pdf\">\u0130lgili Ki\u015fi Ba\u015fvuru Formu<\/a> \u2019nda\u00a0belirtilen b\u00fct\u00fcn bilgileri doldurmak suretiyle KVKK\u2019n\u0131n 11. maddesi ile 13. maddesinin 1. f\u0131kras\u0131 ve\u00a0<strong>Veri Sorumlusuna Ba\u015fvuru Usul ve Esaslar\u0131 Hakk\u0131nda Tebli\u011f<\/strong>\u00a0gere\u011fince,<\/p>\n<p class=\"p1\">\u201c<span>Gazi Mustafa Kemal Bulvar\u0131\u00a0<\/span><span>No:327 B\u00a0<\/span><span>Turgutreis \/ Bodrum \u00a0\/ Mu\u011fla<\/span>\u201d adresindeki \u015eirketimize bizzat gelerek,<br \/>\nrammos@hs01.kep.tr \u015feklindeki kay\u0131tl\u0131 elektronik posta (KEP) adresimiz \u00fczerinden,<br \/>\nKimli\u011finizi tespit edebilmek ve yanl\u0131\u015f ki\u015filere bilgi vermemek ad\u0131na yaz\u0131l\u0131 olarak noter arac\u0131l\u0131\u011f\u0131 ile veya iadeli taahh\u00fctl\u00fc mektup ile,<br \/>\nG\u00fcvenli elektronik imza, mobil imza ya da (varsa) taraf\u0131n\u0131zca daha \u015eirketimize bildirilen ve sistemlerimizde kay\u0131tl\u0131 bulunan elektronik posta adresini kullanmak suretiyle kvkk@rammoshotel.com adresine elektronik posta g\u00f6ndererek veya gelecekte Kurul\u2019un belirleyece\u011fi di\u011fer y\u00f6ntemlerle iletebilirsiniz.<\/p>\n<p class=\"p1\"><strong>g) Ki\u015fisel Verilerin Saklanma S\u00fcresi<\/strong><\/p>\n<p class=\"p1\">Rammos Hotel, ki\u015fisel verilerin i\u015fleme amac\u0131n\u0131n ortan kalkmas\u0131, Kanunlar ve ilgili sair mevzuat kapsam\u0131nda belirlenen zorunlu saklama s\u00fcrelerinin dolmas\u0131yla bilirlikte ki\u015fisel verileri siler, yok eder, imha eder veya anonim hale getirir.<\/p>\n<p class=\"p1\"><strong>h) De\u011fi\u015fiklik ve G\u00fcncellemeler<\/strong><\/p>\n<p class=\"p1\">\u0130\u015f bu ayd\u0131nlatma metni, 6698 say\u0131l\u0131 Ki\u015fisel Verilerin Korunmas\u0131 Kanunu ve ilgili sair mevzuat kapsam\u0131nda haz\u0131rlanm\u0131\u015ft\u0131r. \u0130lgili yasal mevzuat ve\/veya Rammos Hotel ki\u015fisel veri i\u015fleme ama\u00e7 ve politikalar\u0131nda meydana gelecek de\u011fi\u015fiklikler do\u011frultusunda bahse konu ayd\u0131nlatma metninde gerekli de\u011fi\u015fiklikler yap\u0131labilir<\/p>\n<p class=\"p1\">Ayd\u0131nlatma Metninin en g\u00fcncel haline https:\/\/rammoshotel.com\/kvkk\/\u00a0 adresinden ula\u015f\u0131labilecektir.<\/p>\n","protected":false},"excerpt":{"rendered":"<p>RAMMOS Hotel ( Rammos Turizm Ltd. \u015eti. ) 6698 Say\u0131l\u0131 Ki\u015fisel Verilerin Korunmas\u0131 Kanunu Kapsam\u0131nda Ayd\u0131nlatma Metni Rammos Turizm Ltd. \u015eti.\u00a0(Bundan sonra\u00a0\u201cRammos Hotel\u201d\u00a0olarak an\u0131lacakt\u0131r.) olarak \u00f6zel hayat\u0131n gizlili\u011fine sayg\u0131 duyuyor ve \u00f6nem veriyoruz. Bu nedenle, sizleri 6698 say\u0131l\u0131 Ki\u015fisel Verilerin Korunmas\u0131 Kanunu (Bundan sonra\u00a0\u201cKVKK\u201d\u00a0olarak an\u0131lacakt\u0131r.) kapsam\u0131nda ki\u015fisel verilerinizin kullan\u0131m\u0131 ve korunmas\u0131 ile ilgili haklar\u0131n\u0131z konusunda [&hellip;]<\/p>\n","protected":false},"author":1,"featured_media":0,"parent":0,"menu_order":12,"comment_status":"closed","ping_status":"closed","template":"","meta":{"footnotes":""},"class_list":["post-853","page","type-page","status-publish","hentry"],"acf":[],"_links":{"self":[{"href":"https:\/\/rammoshotel.com\/en\/wp-json\/wp\/v2\/pages\/853","targetHints":{"allow":["GET"]}}],"collection":[{"href":"https:\/\/rammoshotel.com\/en\/wp-json\/wp\/v2\/pages"}],"about":[{"href":"https:\/\/rammoshotel.com\/en\/wp-json\/wp\/v2\/types\/page"}],"author":[{"embeddable":true,"href":"https:\/\/rammoshotel.com\/en\/wp-json\/wp\/v2\/users\/1"}],"replies":[{"embeddable":true,"href":"https:\/\/rammoshotel.com\/en\/wp-json\/wp\/v2\/comments?post=853"}],"version-history":[{"count":0,"href":"https:\/\/rammoshotel.com\/en\/wp-json\/wp\/v2\/pages\/853\/revisions"}],"wp:attachment":[{"href":"https:\/\/rammoshotel.com\/en\/wp-json\/wp\/v2\/media?parent=853"}],"curies":[{"name":"wp","href":"https:\/\/api.w.org\/{rel}","templated":true}]}}