{"id":852,"date":"2022-03-01T10:52:14","date_gmt":"2022-03-01T07:52:14","guid":{"rendered":"https:\/\/rammoshotel.com\/cookie-policy\/"},"modified":"2022-03-01T10:52:14","modified_gmt":"2022-03-01T07:52:14","slug":"cookie-policy","status":"publish","type":"page","link":"https:\/\/rammoshotel.com\/en\/cookie-policy\/","title":{"rendered":"Cookie Policy"},"content":{"rendered":"<p style=\"text-align: justify;\"><strong>RAMMOS HOTEL \u00c7EREZ POL\u0130T\u0130KASI<\/strong><\/p>\n<p style=\"text-align: justify;\">Web sitemizi her ziyaretinizde eri\u015fim ve kullan\u0131mlar\u0131n\u0131z\u0131 g\u00f6steren bilgiler<br \/>\nsitemizi kullan\u0131\u015fl\u0131, etkili, g\u00fcvenli hale getirmek ve size daha iyi hizmet verebilmek amac\u0131yla \u00e7e\u015fitli veri<br \/>\nelde etme ara\u00e7lar\u0131 ile veya bizim ad\u0131m\u0131za faaliyet g\u00f6steren i\u015f ortalar\u0131m\u0131z olan \u00fc\u00e7\u00fcnc\u00fc ki\u015filer taraf\u0131ndan<br \/>\nilgili teknolojiler kullan\u0131larak verileriniz toplan\u0131r ve hukuka uygun olarak i\u015flenir.<\/p>\n<p style=\"text-align: justify;\"><strong>\u00c7EREZ (\u201cCOOKIE\u201d) NED\u0130R?\u00a0<\/strong><\/p>\n<p style=\"text-align: justify;\">\u00c7erezler, bir web sayfas\u0131 ziyaret edildi\u011fi zaman taray\u0131c\u0131lardaki kullan\u0131c\u0131lar\u0131n<br \/>\ndepoland\u0131\u011f\u0131 genelde harf ve rakamlardan olu\u015fan \u00e7ok k\u00fc\u00e7\u00fck metin dosyalar\u0131d\u0131r. Ki\u015filerin web siteleri \u00fczerinde<br \/>\narad\u0131klar\u0131n\u0131 taray\u0131c\u0131 ge\u00e7mi\u015finde kay\u0131t tutar. Site \u00fczerindeki hareketleri taray\u0131c\u0131 kay\u0131tlar\u0131nda tutarak bir<br \/>\nweb sitesine izin verir. \u00c7erezler, web sitelerine ayn\u0131 ziyaret\u00e7inin siteyi yeniden ziyaret etti\u011fini g\u00f6steren<br \/>\nkimlik kartlar\u0131na benzetilebilir. \u00c7erezler, ziyaret\u00e7ilere ili\u015fkin isim, cinsiyet veya adres gibi ki\u015fisel<br \/>\nverileri i\u00e7ermezler.<\/p>\n<p style=\"text-align: justify;\"><b>\u00c7EREZLER\u0130N \u00c7E\u015e\u0130TLER\u0130 ve KULLANIM AMA\u00c7LARI<\/b><\/p>\n<p style=\"text-align: justify;\">Site sahibi taraf\u0131ndan y\u00f6netilen \u00c7erezler, Web sitesi \u00c7erezi olarak<br \/>\nadland\u0131r\u0131lmaktad\u0131r. Bunun d\u0131\u015f\u0131nda farkl\u0131 firmalar taraf\u0131ndan y\u00f6netilen \u00fc\u00e7\u00fcnc\u00fc taraf \u00c7erezlerinde<br \/>\nkullan\u0131labilmektedir. Oturum \u00c7erezleri ziyaret\u00e7inin web sitesini terk etmesiyle birlikte silinirken, kal\u0131c\u0131<br \/>\n\u00c7erezler de\u011fi\u015fen s\u00fcrelerle ziyaret\u00e7ilerin cihazlar\u0131nda kalmaktad\u0131r. Teknik \u00c7erezler, do\u011frulama \u00c7erezleri,<br \/>\nhedefleme\/reklam \u00c7erezleri, ki\u015fiselle\u015ftirme \u00c7erezleri ve analitik \u00c7erezlerde kullan\u0131m amac\u0131na g\u00f6re<br \/>\n\u00e7e\u015fitlendirebilece\u011fimiz \u00c7erezlerdir. \u00c7erezler web sitesinin \u00e7al\u0131\u015fmas\u0131 i\u00e7in gerekli temel fonksiyonlar\u0131<br \/>\nger\u00e7ekle\u015ftirmek, web sitesi analiz etmek ve performans\u0131n\u0131 artt\u0131rmak, web sitesinin i\u015flevselli\u011fini artt\u0131rmak<br \/>\nve kullan\u0131m kolayl\u0131\u011f\u0131 sa\u011flamak ve ki\u015fiselle\u015ftirmesi hedefleme ve reklamc\u0131l\u0131k faaliyeti ger\u00e7ekle\u015ftirmek i\u00e7in<br \/>\nkullan\u0131labilmektedir.<\/p>\n<p style=\"text-align: justify;\"><strong>\u00c7EREZ TERC\u0130HLER\u0130 Y\u00d6NET\u0130M\u0130<\/strong><\/p>\n<p style=\"text-align: justify;\">\u00a0Web sitemizin taraf\u0131n\u0131zca kullan\u0131ld\u0131\u011f\u0131 s\u00fcre\u00e7 boyunca sizin hangi ki\u015fisel<br \/>\nverilerinizin toplan\u0131laca\u011f\u0131 hususunda tercihleriniz bizim i\u00e7in son derece \u00f6nemlidir. Bununla birlikte web<br \/>\nsitelerinin etkin bir \u015fekilde \u00e7al\u0131\u015fmas\u0131 i\u00e7in \u00e7erezlerin kullan\u0131lmas\u0131 gerekli iken baz\u0131 \u00c7erezlerin<br \/>\nkapat\u0131lmas\u0131 halinde Web sitesinin \u00e7e\u015fitli fonksiyonlar\u0131n\u0131n \u00e7al\u0131\u015fmayabilece\u011fini hat\u0131rlat\u0131r\u0131z. Web sitemizi<br \/>\ng\u00f6r\u00fcnt\u00fcledi\u011finiz taray\u0131c\u0131 ayarlar\u0131n\u0131 de\u011fi\u015ftirerek tercihlerinizi ki\u015fiselle\u015ftirme hakk\u0131na sahipsiniz. E\u011fer<br \/>\nkulland\u0131\u011f\u0131n\u0131z taray\u0131c\u0131 bu imk\u00e2n\u0131 sunmaktaysa, taray\u0131c\u0131 ayarlar\u0131n\u0131z \u00fczerinden \u00c7erezlere ili\u015fkin tercihleri<br \/>\nde\u011fi\u015ftirmek m\u00fcmk\u00fcnd\u00fcr. B\u00f6ylece, taray\u0131c\u0131n\u0131n sunmu\u015f oldu\u011fu imkanlara g\u00f6re farkl\u0131l\u0131k g\u00f6sterebilmekle birlikte,<br \/>\nveri sahiplerinin \u00c7erezlerin kullan\u0131lmas\u0131n\u0131 engelleme, \u00c7erez kullan\u0131lmadan \u00f6nce uyar\u0131 almay\u0131 tercih etme<br \/>\nveya sadece baz\u0131 \u00c7erezleri devre b\u0131rakma ya da silme imkanlar\u0131 bulunmaktad\u0131r. Bu konudaki tercihler<br \/>\nkulland\u0131\u011f\u0131n\u0131z taray\u0131c\u0131ya g\u00f6re de\u011fi\u015fmekte olup konu hakk\u0131nda ayarlar taraf\u0131n\u0131zca yap\u0131lmal\u0131d\u0131r. \u00c7erezlere<br \/>\nili\u015fkin tercihleriniz, web sitemize eri\u015fim sa\u011flad\u0131\u011f\u0131n\u0131z her bir cihaz \u00f6zelinde ayr\u0131 ayr\u0131 yap\u0131lmas\u0131<br \/>\ngerekebilmektedir.<\/p>\n<p style=\"text-align: justify;\"><strong>HANG\u0130 HAKLARA SAH\u0130PS\u0130N\u0130Z?<\/strong><\/p>\n<p style=\"text-align: justify;\">6698 Say\u0131l\u0131 Ki\u015fisel Verilerin Korunmas\u0131 Kanunu\u2019nun 11. maddesi uyar\u0131nca;<\/p>\n<ul style=\"text-align: justify;\">\n<li>Ki\u015fisel veri i\u015flenip i\u015flenmedi\u011fini \u00f6\u011frenme,<\/li>\n<li>Ki\u015fisel verileri i\u015flenmi\u015fse buna ili\u015fkin bilgi talep etme,<\/li>\n<li>Ki\u015fisel verilerin i\u015flenme amac\u0131n\u0131 ve bunlar\u0131n amac\u0131na uygun kullan\u0131l\u0131p kullan\u0131lmad\u0131\u011f\u0131n\u0131 \u00f6\u011frenme,<\/li>\n<li>Yurt i\u00e7inde veya yurt d\u0131\u015f\u0131nda ki\u015fisel verilerin aktar\u0131ld\u0131\u011f\u0131 \u00fc\u00e7\u00fcnc\u00fc ki\u015fileri bilme,<\/li>\n<li>Ki\u015fisel verilerin eksik veya yanl\u0131\u015f i\u015flenmi\u015f olmas\u0131 h\u00e2linde bunlar\u0131n d\u00fczeltilmesini isteme ve bu<br \/>\nkapsamda yap\u0131lan i\u015flemin ki\u015fisel verilerin aktar\u0131ld\u0131\u011f\u0131 \u00fc\u00e7\u00fcnc\u00fc ki\u015filere bildirilmesini isteme,<\/li>\n<li>Kanun ve ilgili di\u011fer kanun h\u00fck\u00fcmlerine uygun olarak i\u015flenmi\u015f olmas\u0131na ra\u011fmen, i\u015flenmesini gerektiren<br \/>\nsebeplerin ortadan kalkmas\u0131 h\u00e2linde ki\u015fisel verilerin silinmesini veya yok edilmesini isteme ve bu<br \/>\nkapsamda yap\u0131lan i\u015flemin ki\u015fisel verilerin aktar\u0131ld\u0131\u011f\u0131 \u00fc\u00e7\u00fcnc\u00fc ki\u015filere bildirilmesini isteme,<\/li>\n<li>\u0130\u015flenen verilerin m\u00fcnhas\u0131ran otomatik sistemler vas\u0131tas\u0131yla analiz edilmesi suretiyle ki\u015finin kendisi<br \/>\naleyhine bir sonucun ortaya \u00e7\u0131kmas\u0131na itiraz etme,<\/li>\n<li>Ki\u015fisel verilerin kanuna ayk\u0131r\u0131 olarak i\u015flenmesi sebebiyle zarara u\u011framas\u0131 h\u00e2linde zarar\u0131n giderilmesini<br \/>\ntalep etme<\/li>\n<\/ul>\n<p style=\"text-align: justify;\">Haklar\u0131na sahipsiniz. \u0130lgili haklar, sizin taraf\u0131n\u0131zdan (ki\u015fisel veri hakk\u0131<br \/>\nsahibi) yaz\u0131l\u0131 ya da kay\u0131tl\u0131 elektronik posta adresi \u00fczerinden taraf\u0131m\u0131za iletildi\u011finde her h\u00e2l\u00fck\u00e2rda 30<br \/>\n(otuz) g\u00fcn i\u00e7erinde taraf\u0131m\u0131zca de\u011ferlendirilerek sonu\u00e7land\u0131r\u0131lacakt\u0131r. Taleplerinize ili\u015fkin olarak<br \/>\nherhangi bir \u00fccret talep edilmemesi esas olmakla birlikte, bizim taraf\u0131m\u0131zdan belirlenen, Ki\u015fisel Verileri<br \/>\nKoruma Kurulu taraf\u0131ndan belirlenen \u00fccret tarifesi \u00fczerinden \u00fccret talep etme hakk\u0131m\u0131z sakl\u0131 kalmaktad\u0131r.<br \/>\nKonu hakk\u0131nda detayl\u0131 bilgi ve ba\u015fvuru i\u00e7in web sayfam\u0131zda yay\u0131nlanan KVKK AYDINLATMA METN\u0130\u2019 ni<br \/>\nokuyunuz.<\/p>\n<p style=\"text-align: justify;\"><b>RIZA VE POL\u0130T\u0130KA\u2019DAK\u0130 DE\u011e\u0130\u015e\u0130KL\u0130KLER<\/b><\/p>\n<p style=\"text-align: justify;\">Politika ile size \u00c7erez kullan\u0131m\u0131 konusunda detayl\u0131 a\u00e7\u0131klama sunmay\u0131 ve \u00c7erez<br \/>\ntercihleri konusunda bilgilendirmede bulunmay\u0131 hedeflemekteyiz. Bu ba\u011flamda\u00a0<a href=\"http:\/\/www.rammoshotel.com\">http:\/\/www.rammoshotel.com<\/a><br \/>\nweb sayfas\u0131n\u0131 ziyaret ederek ve web sitesinde yer alan sayfalarda gezinerek, taraf\u0131n\u0131zca r\u0131za verildi\u011fi<br \/>\nkabul edilmektedir. \u00c7erez tercihlerinizi de\u011fi\u015ftirme imk\u00e2n\u0131n\u0131z her zaman sakl\u0131d\u0131r. Politika h\u00fck\u00fcmleri<br \/>\ndilendi\u011fi zaman taraf\u0131m\u0131zca her zaman de\u011fi\u015ftirilebilir. G\u00fcncel Politika Web sitemizde yay\u0131nland\u0131\u011f\u0131 tarihte<br \/>\ny\u00fcr\u00fcrl\u00fck kazan\u0131r.<\/p>\n","protected":false},"excerpt":{"rendered":"<p>RAMMOS HOTEL \u00c7EREZ POL\u0130T\u0130KASI Web sitemizi her ziyaretinizde eri\u015fim ve kullan\u0131mlar\u0131n\u0131z\u0131 g\u00f6steren bilgiler sitemizi kullan\u0131\u015fl\u0131, etkili, g\u00fcvenli hale getirmek ve size daha iyi hizmet verebilmek amac\u0131yla \u00e7e\u015fitli veri elde etme ara\u00e7lar\u0131 ile veya bizim ad\u0131m\u0131za faaliyet g\u00f6steren i\u015f ortalar\u0131m\u0131z olan \u00fc\u00e7\u00fcnc\u00fc ki\u015filer taraf\u0131ndan ilgili teknolojiler kullan\u0131larak verileriniz toplan\u0131r ve hukuka uygun olarak i\u015flenir. \u00c7EREZ (\u201cCOOKIE\u201d) [&hellip;]<\/p>\n","protected":false},"author":1,"featured_media":0,"parent":0,"menu_order":11,"comment_status":"closed","ping_status":"closed","template":"","meta":{"footnotes":""},"class_list":["post-852","page","type-page","status-publish","hentry"],"acf":[],"_links":{"self":[{"href":"https:\/\/rammoshotel.com\/en\/wp-json\/wp\/v2\/pages\/852","targetHints":{"allow":["GET"]}}],"collection":[{"href":"https:\/\/rammoshotel.com\/en\/wp-json\/wp\/v2\/pages"}],"about":[{"href":"https:\/\/rammoshotel.com\/en\/wp-json\/wp\/v2\/types\/page"}],"author":[{"embeddable":true,"href":"https:\/\/rammoshotel.com\/en\/wp-json\/wp\/v2\/users\/1"}],"replies":[{"embeddable":true,"href":"https:\/\/rammoshotel.com\/en\/wp-json\/wp\/v2\/comments?post=852"}],"version-history":[{"count":0,"href":"https:\/\/rammoshotel.com\/en\/wp-json\/wp\/v2\/pages\/852\/revisions"}],"wp:attachment":[{"href":"https:\/\/rammoshotel.com\/en\/wp-json\/wp\/v2\/media?parent=852"}],"curies":[{"name":"wp","href":"https:\/\/api.w.org\/{rel}","templated":true}]}}